{"id":376,"date":"2025-06-03T11:46:14","date_gmt":"2025-06-03T11:46:14","guid":{"rendered":"https:\/\/babalab.pl\/?page_id=376"},"modified":"2025-09-30T14:26:02","modified_gmt":"2025-09-30T14:26:02","slug":"depilacja-woskiem","status":"publish","type":"page","link":"https:\/\/babalab.pl\/ru\/service\/depilacja-woskiem\/","title":{"rendered":"\u041c\u0423\u0416\u0421\u041a\u0410\u042f \u0414\u0415\u041f\u0418\u041b\u042f\u0426\u0418\u042f \u0421\u0410\u0425\u0410\u0420\u041d\u041e\u0419 \u041f\u0410\u0421\u0422\u041e\u0419 \/ \u0412\u041e\u0421\u041a\u041e\u041c"},"content":{"rendered":"","protected":false},"excerpt":{"rendered":"","protected":false},"author":1,"featured_media":0,"parent":382,"menu_order":0,"comment_status":"closed","ping_status":"closed","template":"page-price.php","meta":{"_acf_changed":false,"footnotes":""},"class_list":["post-376","page","type-page","status-publish","hentry"],"translation":{"provider":"WPGlobus","version":"3.0.0","language":"ru","enabled_languages":["pl","en","uk","ru"],"languages":{"pl":{"title":true,"content":false,"excerpt":false},"en":{"title":true,"content":false,"excerpt":false},"uk":{"title":true,"content":false,"excerpt":false},"ru":{"title":true,"content":false,"excerpt":false}}},"acf":[],"yoast_head":"<!-- This site is optimized with the Yoast SEO plugin v26.5 - https:\/\/yoast.com\/wordpress\/plugins\/seo\/ -->\n<title>\u0426\u0435\u043d\u044b \u043d\u0430 \u043c\u0443\u0436\u0441\u043a\u0443\u044e \u0434\u0435\u043f\u0438\u043b\u044f\u0446\u0438\u044e \u2013 \u0441\u0430\u0445\u0430\u0440\u043d\u0430\u044f \u043f\u0430\u0441\u0442\u0430 \u0438 \u0432\u043e\u0441\u043a: \u043b\u0438\u0446\u043e, \u0441\u043f\u0438\u043d\u0430, \u043d\u043e\u0433\u0438 | \u0412\u0430\u0440\u0448\u0430\u0432\u0430, \u041a\u0440\u0430\u043a\u043e\u0432 \u2013 Babalab<\/title>\n<meta name=\"description\" content=\"\u041f\u043e\u0441\u043c\u043e\u0442\u0440\u0438\u0442\u0435 \u0446\u0435\u043d\u044b \u043d\u0430 \u043c\u0443\u0436\u0441\u043a\u0443\u044e \u0434\u0435\u043f\u0438\u043b\u044f\u0446\u0438\u044e \u0441\u0430\u0445\u0430\u0440\u043d\u043e\u0439 \u043f\u0430\u0441\u0442\u043e\u0439 \u0438 \u0432\u043e\u0441\u043a\u043e\u043c: \u0441\u043f\u0438\u043d\u0430, \u0433\u0440\u0443\u0434\u044c, \u0436\u0438\u0432\u043e\u0442, \u043d\u043e\u0433\u0438, \u0431\u0438\u043a\u0438\u043d\u0438 \u0438 \u0434\u0440\u0443\u0433\u0438\u0435 \u0437\u043e\u043d\u044b. \u041f\u0440\u043e\u0446\u0435\u0434\u0443\u0440\u044b \u0432 \u0441\u0430\u043b\u043e\u043d\u0430\u0445 Babalab \u0412\u0430\u0440\u0448\u0430\u0432\u0430 \u0438 \u041a\u0440\u0430\u043a\u043e\u0432.\" \/>\n<meta name=\"robots\" content=\"index, follow, max-snippet:-1, max-image-preview:large, max-video-preview:-1\" \/>\n<link rel=\"canonical\" href=\"https:\/\/babalab.pl\/service\/depilacja-woskiem\/\" \/>\n<meta property=\"og:locale\" content=\"ru_RU\" \/>\n<meta property=\"og:type\" content=\"article\" \/>\n<meta property=\"og:title\" content=\"\u0426\u0435\u043d\u044b \u043d\u0430 \u043c\u0443\u0436\u0441\u043a\u0443\u044e \u0434\u0435\u043f\u0438\u043b\u044f\u0446\u0438\u044e \u2013 \u0441\u0430\u0445\u0430\u0440\u043d\u0430\u044f \u043f\u0430\u0441\u0442\u0430 \u0438 \u0432\u043e\u0441\u043a: \u043b\u0438\u0446\u043e, \u0441\u043f\u0438\u043d\u0430, \u043d\u043e\u0433\u0438 | \u0412\u0430\u0440\u0448\u0430\u0432\u0430, \u041a\u0440\u0430\u043a\u043e\u0432 \u2013 Babalab\" \/>\n<meta property=\"og:description\" content=\"\u041f\u043e\u0441\u043c\u043e\u0442\u0440\u0438\u0442\u0435 \u0446\u0435\u043d\u044b \u043d\u0430 \u043c\u0443\u0436\u0441\u043a\u0443\u044e \u0434\u0435\u043f\u0438\u043b\u044f\u0446\u0438\u044e \u0441\u0430\u0445\u0430\u0440\u043d\u043e\u0439 \u043f\u0430\u0441\u0442\u043e\u0439 \u0438 \u0432\u043e\u0441\u043a\u043e\u043c: \u0441\u043f\u0438\u043d\u0430, \u0433\u0440\u0443\u0434\u044c, \u0436\u0438\u0432\u043e\u0442, \u043d\u043e\u0433\u0438, \u0431\u0438\u043a\u0438\u043d\u0438 \u0438 \u0434\u0440\u0443\u0433\u0438\u0435 \u0437\u043e\u043d\u044b. \u041f\u0440\u043e\u0446\u0435\u0434\u0443\u0440\u044b \u0432 \u0441\u0430\u043b\u043e\u043d\u0430\u0445 Babalab \u0412\u0430\u0440\u0448\u0430\u0432\u0430 \u0438 \u041a\u0440\u0430\u043a\u043e\u0432.\" \/>\n<meta property=\"og:url\" content=\"https:\/\/babalab.pl\/service\/depilacja-woskiem\/\" \/>\n<meta property=\"article:modified_time\" content=\"2025-09-30T14:26:02+00:00\" \/>\n<meta property=\"og:image\" content=\"https:\/\/babalab.pl\/wp-content\/uploads\/2025\/05\/cropped-favicon.webp\" \/>\n\t<meta property=\"og:image:width\" content=\"512\" \/>\n\t<meta property=\"og:image:height\" content=\"512\" \/>\n\t<meta property=\"og:image:type\" content=\"image\/webp\" \/>\n<meta name=\"twitter:card\" content=\"summary_large_image\" \/>\n<script type=\"application\/ld+json\" class=\"yoast-schema-graph\">{\"@context\":\"https:\/\/schema.org\",\"@graph\":[{\"@type\":\"WebPage\",\"@id\":\"https:\/\/babalab.pl\/service\/depilacja-woskiem\/\",\"url\":\"https:\/\/babalab.pl\/service\/depilacja-woskiem\/\",\"name\":\"\u0426\u0435\u043d\u044b \u043d\u0430 \u043c\u0443\u0436\u0441\u043a\u0443\u044e \u0434\u0435\u043f\u0438\u043b\u044f\u0446\u0438\u044e \u2013 \u0441\u0430\u0445\u0430\u0440\u043d\u0430\u044f \u043f\u0430\u0441\u0442\u0430 \u0438 \u0432\u043e\u0441\u043a: \u043b\u0438\u0446\u043e, \u0441\u043f\u0438\u043d\u0430, \u043d\u043e\u0433\u0438 | \u0412\u0430\u0440\u0448\u0430\u0432\u0430, \u041a\u0440\u0430\u043a\u043e\u0432 \u2013 Babalab\",\"isPartOf\":{\"@id\":\"https:\/\/babalab.pl\/#website\"},\"datePublished\":\"2025-06-03T11:46:14+00:00\",\"dateModified\":\"2025-09-30T14:26:02+00:00\",\"description\":\"\u041f\u043e\u0441\u043c\u043e\u0442\u0440\u0438\u0442\u0435 \u0446\u0435\u043d\u044b \u043d\u0430 \u043c\u0443\u0436\u0441\u043a\u0443\u044e \u0434\u0435\u043f\u0438\u043b\u044f\u0446\u0438\u044e \u0441\u0430\u0445\u0430\u0440\u043d\u043e\u0439 \u043f\u0430\u0441\u0442\u043e\u0439 \u0438 \u0432\u043e\u0441\u043a\u043e\u043c: \u0441\u043f\u0438\u043d\u0430, \u0433\u0440\u0443\u0434\u044c, \u0436\u0438\u0432\u043e\u0442, \u043d\u043e\u0433\u0438, \u0431\u0438\u043a\u0438\u043d\u0438 \u0438 \u0434\u0440\u0443\u0433\u0438\u0435 \u0437\u043e\u043d\u044b. \u041f\u0440\u043e\u0446\u0435\u0434\u0443\u0440\u044b \u0432 \u0441\u0430\u043b\u043e\u043d\u0430\u0445 Babalab \u0412\u0430\u0440\u0448\u0430\u0432\u0430 \u0438 \u041a\u0440\u0430\u043a\u043e\u0432.\",\"breadcrumb\":{\"@id\":\"https:\/\/babalab.pl\/service\/depilacja-woskiem\/#breadcrumb\"},\"inLanguage\":\"ru-RU\",\"potentialAction\":[{\"@type\":\"ReadAction\",\"target\":[\"https:\/\/babalab.pl\/service\/depilacja-woskiem\/\"]}]},{\"@type\":\"BreadcrumbList\",\"@id\":\"https:\/\/babalab.pl\/service\/depilacja-woskiem\/#breadcrumb\",\"itemListElement\":[{\"@type\":\"ListItem\",\"position\":1,\"name\":\"\u0413\u043e\u043b\u043e\u0432\u043d\u0430\",\"item\":\"https:\/\/babalab.pl\/\"},{\"@type\":\"ListItem\",\"position\":2,\"name\":\"Strony us\u0142ug\",\"item\":\"https:\/\/babalab.pl\/service\/\"},{\"@type\":\"ListItem\",\"position\":3,\"name\":\"M\u0118SKA DEPILACJA PAST\u0104 CUKROW\u0104\/WOSKIEM\"}]},{\"@type\":\"WebSite\",\"@id\":\"https:\/\/babalab.pl\/#website\",\"url\":\"https:\/\/babalab.pl\/\",\"name\":\"Depilacja Laserowa Warszawa i Krak\u00f3w | Centrum Depilacji Babalab\",\"description\":\"Depilacja Laserowa\",\"publisher\":{\"@id\":\"https:\/\/babalab.pl\/#organization\"},\"alternateName\":\"Centrum Depilacji Babalab\",\"potentialAction\":[{\"@type\":\"SearchAction\",\"target\":{\"@type\":\"EntryPoint\",\"urlTemplate\":\"https:\/\/babalab.pl\/?s={search_term_string}\"},\"query-input\":{\"@type\":\"PropertyValueSpecification\",\"valueRequired\":true,\"valueName\":\"search_term_string\"}}],\"inLanguage\":\"ru-RU\"},{\"@type\":\"Organization\",\"@id\":\"https:\/\/babalab.pl\/#organization\",\"name\":\"Depilacja Laserowa Warszawa i Krak\u00f3w | Centrum Depilacji Babalab\",\"alternateName\":\"Centrum Depilacji Babalab\",\"url\":\"https:\/\/babalab.pl\/\",\"logo\":{\"@type\":\"ImageObject\",\"inLanguage\":\"ru-RU\",\"@id\":\"https:\/\/babalab.pl\/#\/schema\/logo\/image\/\",\"url\":\"https:\/\/babalab.pl\/wp-content\/uploads\/2025\/05\/favicon.svg\",\"contentUrl\":\"https:\/\/babalab.pl\/wp-content\/uploads\/2025\/05\/favicon.svg\",\"width\":1,\"height\":1,\"caption\":\"Depilacja Laserowa Warszawa i Krak\u00f3w | Centrum Depilacji Babalab\"},\"image\":{\"@id\":\"https:\/\/babalab.pl\/#\/schema\/logo\/image\/\"}}]}<\/script>\n<!-- \/ Yoast SEO plugin. -->","yoast_head_json":{"title":"\u0426\u0435\u043d\u044b \u043d\u0430 \u043c\u0443\u0436\u0441\u043a\u0443\u044e \u0434\u0435\u043f\u0438\u043b\u044f\u0446\u0438\u044e \u2013 \u0441\u0430\u0445\u0430\u0440\u043d\u0430\u044f \u043f\u0430\u0441\u0442\u0430 \u0438 \u0432\u043e\u0441\u043a: \u043b\u0438\u0446\u043e, \u0441\u043f\u0438\u043d\u0430, \u043d\u043e\u0433\u0438 | \u0412\u0430\u0440\u0448\u0430\u0432\u0430, \u041a\u0440\u0430\u043a\u043e\u0432 \u2013 Babalab","description":"\u041f\u043e\u0441\u043c\u043e\u0442\u0440\u0438\u0442\u0435 \u0446\u0435\u043d\u044b \u043d\u0430 \u043c\u0443\u0436\u0441\u043a\u0443\u044e \u0434\u0435\u043f\u0438\u043b\u044f\u0446\u0438\u044e \u0441\u0430\u0445\u0430\u0440\u043d\u043e\u0439 \u043f\u0430\u0441\u0442\u043e\u0439 \u0438 \u0432\u043e\u0441\u043a\u043e\u043c: \u0441\u043f\u0438\u043d\u0430, \u0433\u0440\u0443\u0434\u044c, \u0436\u0438\u0432\u043e\u0442, \u043d\u043e\u0433\u0438, \u0431\u0438\u043a\u0438\u043d\u0438 \u0438 \u0434\u0440\u0443\u0433\u0438\u0435 \u0437\u043e\u043d\u044b. \u041f\u0440\u043e\u0446\u0435\u0434\u0443\u0440\u044b \u0432 \u0441\u0430\u043b\u043e\u043d\u0430\u0445 Babalab \u0412\u0430\u0440\u0448\u0430\u0432\u0430 \u0438 \u041a\u0440\u0430\u043a\u043e\u0432.","robots":{"index":"index","follow":"follow","max-snippet":"max-snippet:-1","max-image-preview":"max-image-preview:large","max-video-preview":"max-video-preview:-1"},"canonical":"https:\/\/babalab.pl\/service\/depilacja-woskiem\/","og_locale":"ru_RU","og_type":"article","og_title":"\u0426\u0435\u043d\u044b \u043d\u0430 \u043c\u0443\u0436\u0441\u043a\u0443\u044e \u0434\u0435\u043f\u0438\u043b\u044f\u0446\u0438\u044e \u2013 \u0441\u0430\u0445\u0430\u0440\u043d\u0430\u044f \u043f\u0430\u0441\u0442\u0430 \u0438 \u0432\u043e\u0441\u043a: \u043b\u0438\u0446\u043e, \u0441\u043f\u0438\u043d\u0430, \u043d\u043e\u0433\u0438 | \u0412\u0430\u0440\u0448\u0430\u0432\u0430, \u041a\u0440\u0430\u043a\u043e\u0432 \u2013 Babalab","og_description":"\u041f\u043e\u0441\u043c\u043e\u0442\u0440\u0438\u0442\u0435 \u0446\u0435\u043d\u044b \u043d\u0430 \u043c\u0443\u0436\u0441\u043a\u0443\u044e \u0434\u0435\u043f\u0438\u043b\u044f\u0446\u0438\u044e \u0441\u0430\u0445\u0430\u0440\u043d\u043e\u0439 \u043f\u0430\u0441\u0442\u043e\u0439 \u0438 \u0432\u043e\u0441\u043a\u043e\u043c: \u0441\u043f\u0438\u043d\u0430, \u0433\u0440\u0443\u0434\u044c, \u0436\u0438\u0432\u043e\u0442, \u043d\u043e\u0433\u0438, \u0431\u0438\u043a\u0438\u043d\u0438 \u0438 \u0434\u0440\u0443\u0433\u0438\u0435 \u0437\u043e\u043d\u044b. \u041f\u0440\u043e\u0446\u0435\u0434\u0443\u0440\u044b \u0432 \u0441\u0430\u043b\u043e\u043d\u0430\u0445 Babalab \u0412\u0430\u0440\u0448\u0430\u0432\u0430 \u0438 \u041a\u0440\u0430\u043a\u043e\u0432.","og_url":"https:\/\/babalab.pl\/service\/depilacja-woskiem\/","article_modified_time":"2025-09-30T14:26:02+00:00","og_image":[{"width":512,"height":512,"url":"https:\/\/babalab.pl\/wp-content\/uploads\/2025\/05\/cropped-favicon.webp","type":"image\/webp"}],"twitter_card":"summary_large_image","schema":{"@context":"https:\/\/schema.org","@graph":[{"@type":"WebPage","@id":"https:\/\/babalab.pl\/service\/depilacja-woskiem\/","url":"https:\/\/babalab.pl\/service\/depilacja-woskiem\/","name":"\u0426\u0435\u043d\u044b \u043d\u0430 \u043c\u0443\u0436\u0441\u043a\u0443\u044e \u0434\u0435\u043f\u0438\u043b\u044f\u0446\u0438\u044e \u2013 \u0441\u0430\u0445\u0430\u0440\u043d\u0430\u044f \u043f\u0430\u0441\u0442\u0430 \u0438 \u0432\u043e\u0441\u043a: \u043b\u0438\u0446\u043e, \u0441\u043f\u0438\u043d\u0430, \u043d\u043e\u0433\u0438 | \u0412\u0430\u0440\u0448\u0430\u0432\u0430, \u041a\u0440\u0430\u043a\u043e\u0432 \u2013 Babalab","isPartOf":{"@id":"https:\/\/babalab.pl\/#website"},"datePublished":"2025-06-03T11:46:14+00:00","dateModified":"2025-09-30T14:26:02+00:00","description":"\u041f\u043e\u0441\u043c\u043e\u0442\u0440\u0438\u0442\u0435 \u0446\u0435\u043d\u044b \u043d\u0430 \u043c\u0443\u0436\u0441\u043a\u0443\u044e \u0434\u0435\u043f\u0438\u043b\u044f\u0446\u0438\u044e \u0441\u0430\u0445\u0430\u0440\u043d\u043e\u0439 \u043f\u0430\u0441\u0442\u043e\u0439 \u0438 \u0432\u043e\u0441\u043a\u043e\u043c: \u0441\u043f\u0438\u043d\u0430, \u0433\u0440\u0443\u0434\u044c, \u0436\u0438\u0432\u043e\u0442, \u043d\u043e\u0433\u0438, \u0431\u0438\u043a\u0438\u043d\u0438 \u0438 \u0434\u0440\u0443\u0433\u0438\u0435 \u0437\u043e\u043d\u044b. \u041f\u0440\u043e\u0446\u0435\u0434\u0443\u0440\u044b \u0432 \u0441\u0430\u043b\u043e\u043d\u0430\u0445 Babalab \u0412\u0430\u0440\u0448\u0430\u0432\u0430 \u0438 \u041a\u0440\u0430\u043a\u043e\u0432.","breadcrumb":{"@id":"https:\/\/babalab.pl\/service\/depilacja-woskiem\/#breadcrumb"},"inLanguage":"ru-RU","potentialAction":[{"@type":"ReadAction","target":["https:\/\/babalab.pl\/service\/depilacja-woskiem\/"]}]},{"@type":"BreadcrumbList","@id":"https:\/\/babalab.pl\/service\/depilacja-woskiem\/#breadcrumb","itemListElement":[{"@type":"ListItem","position":1,"name":"\u0413\u043e\u043b\u043e\u0432\u043d\u0430","item":"https:\/\/babalab.pl\/"},{"@type":"ListItem","position":2,"name":"Strony us\u0142ug","item":"https:\/\/babalab.pl\/service\/"},{"@type":"ListItem","position":3,"name":"M\u0118SKA DEPILACJA PAST\u0104 CUKROW\u0104\/WOSKIEM"}]},{"@type":"WebSite","@id":"https:\/\/babalab.pl\/#website","url":"https:\/\/babalab.pl\/","name":"Depilacja Laserowa Warszawa i Krak\u00f3w | Centrum Depilacji Babalab","description":"Depilacja Laserowa","publisher":{"@id":"https:\/\/babalab.pl\/#organization"},"alternateName":"Centrum Depilacji Babalab","potentialAction":[{"@type":"SearchAction","target":{"@type":"EntryPoint","urlTemplate":"https:\/\/babalab.pl\/?s={search_term_string}"},"query-input":{"@type":"PropertyValueSpecification","valueRequired":true,"valueName":"search_term_string"}}],"inLanguage":"ru-RU"},{"@type":"Organization","@id":"https:\/\/babalab.pl\/#organization","name":"Depilacja Laserowa Warszawa i Krak\u00f3w | Centrum Depilacji Babalab","alternateName":"Centrum Depilacji Babalab","url":"https:\/\/babalab.pl\/","logo":{"@type":"ImageObject","inLanguage":"ru-RU","@id":"https:\/\/babalab.pl\/#\/schema\/logo\/image\/","url":"https:\/\/babalab.pl\/wp-content\/uploads\/2025\/05\/favicon.svg","contentUrl":"https:\/\/babalab.pl\/wp-content\/uploads\/2025\/05\/favicon.svg","width":1,"height":1,"caption":"Depilacja Laserowa Warszawa i Krak\u00f3w | Centrum Depilacji Babalab"},"image":{"@id":"https:\/\/babalab.pl\/#\/schema\/logo\/image\/"}}]}},"_links":{"self":[{"href":"https:\/\/babalab.pl\/ru\/wp-json\/wp\/v2\/pages\/376","targetHints":{"allow":["GET"]}}],"collection":[{"href":"https:\/\/babalab.pl\/ru\/wp-json\/wp\/v2\/pages"}],"about":[{"href":"https:\/\/babalab.pl\/ru\/wp-json\/wp\/v2\/types\/page"}],"author":[{"embeddable":true,"href":"https:\/\/babalab.pl\/ru\/wp-json\/wp\/v2\/users\/1"}],"replies":[{"embeddable":true,"href":"https:\/\/babalab.pl\/ru\/wp-json\/wp\/v2\/comments?post=376"}],"version-history":[{"count":25,"href":"https:\/\/babalab.pl\/ru\/wp-json\/wp\/v2\/pages\/376\/revisions"}],"predecessor-version":[{"id":1265,"href":"https:\/\/babalab.pl\/ru\/wp-json\/wp\/v2\/pages\/376\/revisions\/1265"}],"up":[{"embeddable":true,"href":"https:\/\/babalab.pl\/ru\/wp-json\/wp\/v2\/pages\/382"}],"wp:attachment":[{"href":"https:\/\/babalab.pl\/ru\/wp-json\/wp\/v2\/media?parent=376"}],"curies":[{"name":"wp","href":"https:\/\/api.w.org\/{rel}","templated":true}]}}